{"id":885,"date":"2019-01-24T10:22:04","date_gmt":"2019-01-24T10:22:04","guid":{"rendered":"https:\/\/alakachuu.com\/?page_id=885"},"modified":"2019-02-07T21:49:54","modified_gmt":"2019-02-07T21:49:54","slug":"unterstuetzen-waehrend-wemakeit","status":"publish","type":"page","link":"https:\/\/alakachuu.com\/de\/unterstuetzen-waehrend-wemakeit\/","title":{"rendered":"Unterst\u00fctzen w\u00e4hrend Wemakeit"},"content":{"rendered":"<div class=\"vc_row wpb_row vc_row-fluid\"><div class=\"container\"><div class=\"wpb_column vc_column_container vc_col-sm-12\"><div class=\"vc_column-inner\"><div class=\"wpb_wrapper\"><div class=\"vc_empty_space\"   style=\"height: 100px\"><span class=\"vc_empty_space_inner\"><\/span><\/div><\/div><\/div><\/div><\/div><\/div><div class=\"vc_row wpb_row vc_row-fluid\"><div class=\"container\"><div class=\"wpb_column vc_column_container vc_col-sm-8\"><div class=\"vc_column-inner\"><div class=\"wpb_wrapper\">\n\t<div class=\"wpb_text_column wpb_content_element\" >\n\t\t<div class=\"wpb_wrapper\">\n\t\t\t<p>Mit dem Film ALA KACHUU von Maria Brendle m\u00f6chten wir international auf die Tradition des Brautraubes aufmerksam machen. Ausserdem m\u00f6chten wir Hilfsorganisationen vor Ort ein Werkzeug in die Hand geben, um junge Frauen zu ermutigen, f\u00fcr ihre Rechte einzustehen.<\/p>\n<p>Die Protagonistin in unserem Film hat diesen Mut und k\u00e4mpft sich frei. Sie soll f\u00fcr junge Frauen eine Inspiration sein. Sie sollen wissen, dass sie \u2013 wie jeder Mensch &#8211; das Recht haben, nein zu sagen. Wir alle, die hinter diesem Projekt stehen sind Filmschaffende und wir m\u00f6chten unsere Ressourcen nutzen, um junge Frauen in ihren (Menschen-)Rechten zu unterst\u00fctzen.<\/p>\n<p>Unser Film ist zu 60% finanziert. Jetzt sammeln wir f\u00fcr die restlichen 40% der Produktionskosten.<\/p>\n<p>Nur mit eurer Unterst\u00fctzung k\u00f6nnen wir diesen Film realisieren. Sie wird ben\u00f6tigt, um<\/p>\n<ul>\n<li>logistische Kosten wie Fl\u00fcge, Unterkunft und Verpflegung zu bezahlen<\/li>\n<li>Film-Equipment zu mieten<\/li>\n<li>L\u00f6hne der beteiligten Crew und Schauspieler zu bezahlen<\/li>\n<\/ul>\n<p>&nbsp;<\/p>\n<p>Wir danken euch herzlich f\u00fcr die Unterst\u00fctzung!<\/p>\n\n\t\t<\/div>\n\t<\/div>\n<div class=\"vc_empty_space\"   style=\"height: 70px\"><span class=\"vc_empty_space_inner\"><\/span><\/div><\/div><\/div><\/div><div class=\"wpb_column vc_column_container vc_col-sm-4\"><div class=\"vc_column-inner\"><div class=\"wpb_wrapper\">\n\t<div class=\"wpb_raw_code wpb_content_element wpb_raw_html\" >\n\t\t<div class=\"wpb_wrapper\">\n\t\t\t<iframe loading=\"lazy\" frameborder=\"0\" scrolling=\"no\" src=\"https:\/\/wemakeit.com\/widgets\/projects\/ala-kachuu-the-film?type=regular\" width=\"364\" height=\"517\"><\/iframe>\n\t\t<\/div>\n\t<\/div>\n<\/div><\/div><\/div><\/div><\/div>","protected":false},"excerpt":{"rendered":"Mit dem Film ALA KACHUU von Maria Brendle m\u00f6chten wir international auf die Tradition des Brautraubes aufmerksam machen. Ausserdem m\u00f6chten wir Hilfsorganisationen vor Ort ein Werkzeug in die Hand geben, um junge Frauen zu ermutigen, f\u00fcr ihre Rechte einzustehen. Die Protagonistin in unserem Film hat diesen Mut und k\u00e4mpft sich frei. Sie soll f\u00fcr junge... <div class=\"read-more\"><a href=\"https:\/\/alakachuu.com\/de\/unterstuetzen-waehrend-wemakeit\/\" class=\"read-more-link\">Continue<\/a><span class=\"ion-ios-arrow-thin-right read-more-icon\"><\/span><\/div>","protected":false},"author":1,"featured_media":0,"parent":0,"menu_order":0,"comment_status":"closed","ping_status":"closed","template":"","meta":{"give_campaign_id":0,"_monsterinsights_skip_tracking":false,"_monsterinsights_sitenote_active":false,"_monsterinsights_sitenote_note":"","_monsterinsights_sitenote_category":0,"footnotes":""},"class_list":["post-885","page","type-page","status-publish","hentry"],"campaignId":"","_links":{"self":[{"href":"https:\/\/alakachuu.com\/de\/wp-json\/wp\/v2\/pages\/885","targetHints":{"allow":["GET"]}}],"collection":[{"href":"https:\/\/alakachuu.com\/de\/wp-json\/wp\/v2\/pages"}],"about":[{"href":"https:\/\/alakachuu.com\/de\/wp-json\/wp\/v2\/types\/page"}],"author":[{"embeddable":true,"href":"https:\/\/alakachuu.com\/de\/wp-json\/wp\/v2\/users\/1"}],"replies":[{"embeddable":true,"href":"https:\/\/alakachuu.com\/de\/wp-json\/wp\/v2\/comments?post=885"}],"version-history":[{"count":13,"href":"https:\/\/alakachuu.com\/de\/wp-json\/wp\/v2\/pages\/885\/revisions"}],"predecessor-version":[{"id":945,"href":"https:\/\/alakachuu.com\/de\/wp-json\/wp\/v2\/pages\/885\/revisions\/945"}],"wp:attachment":[{"href":"https:\/\/alakachuu.com\/de\/wp-json\/wp\/v2\/media?parent=885"}],"curies":[{"name":"wp","href":"https:\/\/api.w.org\/{rel}","templated":true}]}}