{"id":260,"date":"2018-11-07T11:16:41","date_gmt":"2018-11-07T11:16:41","guid":{"rendered":"https:\/\/alakachuu.com\/?page_id=260"},"modified":"2020-10-23T14:33:21","modified_gmt":"2020-10-23T14:33:21","slug":"timeline","status":"publish","type":"page","link":"https:\/\/alakachuu.com\/de\/timeline\/","title":{"rendered":"Timeline"},"content":{"rendered":"<div class=\"vc_row wpb_row vc_row-fluid\"><div class=\"container\"><div class=\"wpb_column vc_column_container vc_col-sm-12\"><div class=\"vc_column-inner\"><div class=\"wpb_wrapper\"><div class=\"vc_empty_space\"   style=\"height: 100px\"><span class=\"vc_empty_space_inner\"><\/span><\/div><\/div><\/div><\/div><\/div><\/div><div class=\"vc_row wpb_row vc_row-fluid\"><div class=\"container\"><div class=\"wpb_column vc_column_container vc_col-sm-12\"><div class=\"vc_column-inner\"><div class=\"wpb_wrapper\">\n\n<ul class=\"sc-timeline\">\n  <li class=\"timeline\">\n    <span class=\"timeline__year\">2019 - Fr\u00fchling<\/span>\n        <h2 class=\"timeline__title\">Vorproduktion<\/h2>\n        <div class=\"timeline__desc\">Schweiz-Kirgisische Vorbereitungen f\u00fcr den Dreh<\/div>\n  <\/li>\n  <li class=\"timeline\">\n    <span class=\"timeline__year\">2019 - Sp\u00e4tsommer<\/span>\n        <h2 class=\"timeline__title\">Dreh<\/h2>\n        <div class=\"timeline__desc\">Dreharbeiten in Kirgistan August - September<\/div>\n  <\/li>\n  <li class=\"timeline\">\n    <span class=\"timeline__year\">2019 - Herbst<\/span>\n        <h2 class=\"timeline__title\">Postproduktion<\/h2>\n        <div class=\"timeline__desc\">Schnitt und die Vertonung<\/div>\n  <\/li>\n  <li class=\"timeline\">\n    <span class=\"timeline__year\">2020 - Sommer<\/span>\n        <h2 class=\"timeline__title\">Premiere<\/h2>\n        <div class=\"timeline__desc\">Fertigstellung des Films und Weltpremiere - August<\/div>\n  <\/li>\n  <li class=\"timeline\">\n    <span class=\"timeline__year\">2020 \/ 2021<\/span>\n        <h2 class=\"timeline__title\">Festival-Auswertung<\/h2>\n        <div class=\"timeline__desc\">Screening des Films an den Festivals Rhode Island International Film Festival 2020, La Femme International Film Festival 2020, Hollyshorts Film Festival 2020, Pittsburgh Shorts film festival 2020<\/div>\n  <\/li>\n<\/ul><!-- .sc-timeline --><\/div><\/div><\/div><\/div><\/div><div class=\"vc_row wpb_row vc_row-fluid\"><div class=\"container\"><div class=\"wpb_column vc_column_container vc_col-sm-12\"><div class=\"vc_column-inner\"><div class=\"wpb_wrapper\"><div class=\"vc_empty_space\"   style=\"height: 100px\"><span class=\"vc_empty_space_inner\"><\/span><\/div><\/div><\/div><\/div><\/div><\/div>","protected":false},"excerpt":{"rendered":"2019 - Fr\u00fchling Vorproduktion Schweiz-Kirgisische Vorbereitungen f\u00fcr den Dreh 2019 - Sp\u00e4tsommer Dreh Dreharbeiten in Kirgistan August - September 2019 - Herbst Postproduktion Schnitt und die Vertonung 2020 - Sommer Premiere Fertigstellung des Films und Weltpremiere - August 2020 \/ 2021 Festival-Auswertung Screening des Films an den Festivals Rhode Island International Film Festival 2020, La... <div class=\"read-more\"><a href=\"https:\/\/alakachuu.com\/de\/timeline\/\" class=\"read-more-link\">Continue<\/a><span class=\"ion-ios-arrow-thin-right read-more-icon\"><\/span><\/div>","protected":false},"author":1,"featured_media":0,"parent":0,"menu_order":0,"comment_status":"closed","ping_status":"closed","template":"","meta":{"give_campaign_id":0,"_monsterinsights_skip_tracking":false,"_monsterinsights_sitenote_active":false,"_monsterinsights_sitenote_note":"","_monsterinsights_sitenote_category":0,"footnotes":""},"class_list":["post-260","page","type-page","status-publish","hentry"],"campaignId":"","_links":{"self":[{"href":"https:\/\/alakachuu.com\/de\/wp-json\/wp\/v2\/pages\/260","targetHints":{"allow":["GET"]}}],"collection":[{"href":"https:\/\/alakachuu.com\/de\/wp-json\/wp\/v2\/pages"}],"about":[{"href":"https:\/\/alakachuu.com\/de\/wp-json\/wp\/v2\/types\/page"}],"author":[{"embeddable":true,"href":"https:\/\/alakachuu.com\/de\/wp-json\/wp\/v2\/users\/1"}],"replies":[{"embeddable":true,"href":"https:\/\/alakachuu.com\/de\/wp-json\/wp\/v2\/comments?post=260"}],"version-history":[{"count":13,"href":"https:\/\/alakachuu.com\/de\/wp-json\/wp\/v2\/pages\/260\/revisions"}],"predecessor-version":[{"id":1450,"href":"https:\/\/alakachuu.com\/de\/wp-json\/wp\/v2\/pages\/260\/revisions\/1450"}],"wp:attachment":[{"href":"https:\/\/alakachuu.com\/de\/wp-json\/wp\/v2\/media?parent=260"}],"curies":[{"name":"wp","href":"https:\/\/api.w.org\/{rel}","templated":true}]}}