{"id":1483,"date":"2020-10-29T16:07:24","date_gmt":"2020-10-29T16:07:24","guid":{"rendered":"https:\/\/alakachuu.com\/?page_id=1483"},"modified":"2021-09-17T11:45:53","modified_gmt":"2021-09-17T11:45:53","slug":"directors-note","status":"publish","type":"page","link":"https:\/\/alakachuu.com\/de\/directors-note\/","title":{"rendered":"Director&#8217;s Note"},"content":{"rendered":"<div class=\"vc_row wpb_row vc_row-fluid\"><div class=\"container\"><div class=\"wpb_column vc_column_container vc_col-sm-12\"><div class=\"vc_column-inner\"><div class=\"wpb_wrapper\"><div class=\"vc_empty_space\"   style=\"height: 50px\"><span class=\"vc_empty_space_inner\"><\/span><\/div><\/div><\/div><\/div><\/div><\/div><div class=\"vc_row wpb_row vc_row-fluid\"><div class=\"container\"><div class=\"wpb_column vc_column_container vc_col-sm-12\"><div class=\"vc_column-inner\"><div class=\"wpb_wrapper\"><h2 style=\"text-align: left;font-family:Abril Fatface;font-weight:400;font-style:normal\" class=\"vc_custom_heading vc_custom_heading-custom-style\">Director's Note<\/h2><\/div><\/div><\/div><\/div><\/div><div class=\"vc_row wpb_row vc_row-fluid\"><div class=\"container\"><div class=\"wpb_column vc_column_container vc_col-sm-6\"><div class=\"vc_column-inner\"><div class=\"wpb_wrapper\">\n\t<div class=\"wpb_text_column wpb_content_element\" >\n\t\t<div class=\"wpb_wrapper\">\n\t\t\t<p class=\"p1\"><span class=\"s1\">ALA KACHUU \u2013 Take and Run erz\u00e4hlt die Geschichte einer jungen Kirgisin, die Opfer eines Brautraubs wird. Dieser Brauch ist in Kirgistan zwar gesetzlich verboten, aber unter dem Deckmantel der Tradition auch in anderen Regionen der Welt noch weit verbreitet. Nur wenige M\u00e4dchen k\u00f6nnen sich nach der Entf\u00fchrung der Ehe entziehen. Viele akzeptieren ihr Schicksal, aus Angst verstossen und ge\u00e4chtet zu werden.<\/span><\/p>\n<p class=\"p2\"><span class=\"s1\">Der Film basiert auf wahren Schicksalen junger Frauen, die mir ihre Erlebnisse w\u00e4hrend meiner langj\u00e4hrigen Recherche anvertraut haben. Ich bin \u00fcberzeugt, dass die Geschichten dieser Frauen Aufmerksamkeit verdienen.<\/span><\/p>\n\n\t\t<\/div>\n\t<\/div>\n<\/div><\/div><\/div><div class=\"wpb_column vc_column_container vc_col-sm-6\"><div class=\"vc_column-inner\"><div class=\"wpb_wrapper\">\n\t<div class=\"wpb_text_column wpb_content_element\" >\n\t\t<div class=\"wpb_wrapper\">\n\t\t\t<p class=\"p1\"><span class=\"s1\">Als\nFilmemacherin m\u00f6chte ich zur Sensibilisierung der Gesellschaft f\u00fcr die Rechte der Frauen beitragen und denjenigen eine Stimme geben, die selten geh\u00f6rt werden. Der kirgisische Name f\u00fcr den Brautraub ist \u00abAla Kachuu\u00bb. Mein Ziel war es, seinen \u00fcblichen Ablauf darzustellen, jedoch mit einer starken Figur, die den Mut hat, f\u00fcr sich einzustehen.<\/span><\/p>\n<p class=\"p3\"><span class=\"s2\">Die Produktion des Films in einem fremden Land war ein grosses Abenteuer. Neben der Sprachbarriere galt es auch, zwei v\u00f6llig verschiedene Kulturen zusammenzuf\u00fchren. Der respektvolle Umgang miteinander, der interkulturelle Teamgeist, sowie die Offenheit des kirgisischen Volkes haben mich tief beeindruckt und f\u00fchrten zu einer der wertvollsten Erfahrungen in meinem Leben.<\/span><\/p>\n\n\t\t<\/div>\n\t<\/div>\n<\/div><\/div><\/div><\/div><\/div><div class=\"vc_row wpb_row vc_row-fluid\"><div class=\"container\"><div class=\"wpb_column vc_column_container vc_col-sm-12\"><div class=\"vc_column-inner\"><div class=\"wpb_wrapper\">\n\t<div  class=\"wpb_single_image wpb_content_element vc_align_center\">\n\t\t\n\t\t<figure class=\"wpb_wrapper vc_figure\">\n\t\t\t<div class=\"vc_single_image-wrapper   vc_box_border_grey\"><img loading=\"lazy\" decoding=\"async\" width=\"2560\" height=\"1073\" src=\"https:\/\/alakachuu.com\/wp-content\/uploads\/2020\/10\/AlaKachuu_Still_11_300dpi-scaled.jpg\" class=\"vc_single_image-img attachment-full\" alt=\"\" srcset=\"https:\/\/alakachuu.com\/wp-content\/uploads\/2020\/10\/AlaKachuu_Still_11_300dpi-scaled.jpg 2560w, https:\/\/alakachuu.com\/wp-content\/uploads\/2020\/10\/AlaKachuu_Still_11_300dpi-300x126.jpg 300w, https:\/\/alakachuu.com\/wp-content\/uploads\/2020\/10\/AlaKachuu_Still_11_300dpi-1024x429.jpg 1024w, https:\/\/alakachuu.com\/wp-content\/uploads\/2020\/10\/AlaKachuu_Still_11_300dpi-768x322.jpg 768w, https:\/\/alakachuu.com\/wp-content\/uploads\/2020\/10\/AlaKachuu_Still_11_300dpi-1536x644.jpg 1536w, https:\/\/alakachuu.com\/wp-content\/uploads\/2020\/10\/AlaKachuu_Still_11_300dpi-2048x858.jpg 2048w, https:\/\/alakachuu.com\/wp-content\/uploads\/2020\/10\/AlaKachuu_Still_11_300dpi-16x7.jpg 16w\" sizes=\"auto, (max-width: 2560px) 100vw, 2560px\" \/><\/div>\n\t\t<\/figure>\n\t<\/div>\n<\/div><\/div><\/div><\/div><\/div>","protected":false},"excerpt":{"rendered":"Director's Note ALA KACHUU - Take and Run tells the story of a young Kyrgyz woman who becomes the victim of a bride kidnapping. Although this custom is prohibited by law in Kyrgyzstan it is still widespread in other regions of the world under the guise of tradition. Only a few girls are able to... <div class=\"read-more\"><a href=\"https:\/\/alakachuu.com\/de\/directors-note\/\" class=\"read-more-link\">Continue<\/a><span class=\"ion-ios-arrow-thin-right read-more-icon\"><\/span><\/div>","protected":false},"author":1,"featured_media":0,"parent":0,"menu_order":0,"comment_status":"closed","ping_status":"closed","template":"","meta":{"give_campaign_id":0,"_monsterinsights_skip_tracking":false,"_monsterinsights_sitenote_active":false,"_monsterinsights_sitenote_note":"","_monsterinsights_sitenote_category":0,"footnotes":""},"class_list":["post-1483","page","type-page","status-publish","hentry"],"campaignId":"","_links":{"self":[{"href":"https:\/\/alakachuu.com\/de\/wp-json\/wp\/v2\/pages\/1483","targetHints":{"allow":["GET"]}}],"collection":[{"href":"https:\/\/alakachuu.com\/de\/wp-json\/wp\/v2\/pages"}],"about":[{"href":"https:\/\/alakachuu.com\/de\/wp-json\/wp\/v2\/types\/page"}],"author":[{"embeddable":true,"href":"https:\/\/alakachuu.com\/de\/wp-json\/wp\/v2\/users\/1"}],"replies":[{"embeddable":true,"href":"https:\/\/alakachuu.com\/de\/wp-json\/wp\/v2\/comments?post=1483"}],"version-history":[{"count":10,"href":"https:\/\/alakachuu.com\/de\/wp-json\/wp\/v2\/pages\/1483\/revisions"}],"predecessor-version":[{"id":1489,"href":"https:\/\/alakachuu.com\/de\/wp-json\/wp\/v2\/pages\/1483\/revisions\/1489"}],"wp:attachment":[{"href":"https:\/\/alakachuu.com\/de\/wp-json\/wp\/v2\/media?parent=1483"}],"curies":[{"name":"wp","href":"https:\/\/api.w.org\/{rel}","templated":true}]}}