{"id":14,"date":"2018-10-25T08:14:31","date_gmt":"2018-10-25T08:14:31","guid":{"rendered":"https:\/\/alakachuu.com\/?page_id=14"},"modified":"2021-09-23T08:18:03","modified_gmt":"2021-09-23T08:18:03","slug":"team","status":"publish","type":"page","link":"https:\/\/alakachuu.com\/de\/team\/","title":{"rendered":"Crew + Cast"},"content":{"rendered":"<div class=\"vc_row wpb_row vc_row-fluid\"><div class=\"container\"><div class=\"wpb_column vc_column_container vc_col-sm-12\"><div class=\"vc_column-inner\"><div class=\"wpb_wrapper\"><div class=\"vc_empty_space\"   style=\"height: 100px\"><span class=\"vc_empty_space_inner\"><\/span><\/div><\/div><\/div><\/div><\/div><\/div><div class=\"vc_row wpb_row vc_row-fluid\"><div class=\"container\"><div class=\"wpb_column vc_column_container vc_col-sm-6\"><div class=\"vc_column-inner\"><div class=\"wpb_wrapper\">\n\t<div  class=\"wpb_single_image wpb_content_element vc_align_left\">\n\t\t\n\t\t<figure class=\"wpb_wrapper vc_figure\">\n\t\t\t<div class=\"vc_single_image-wrapper   vc_box_border_grey\"><img loading=\"lazy\" decoding=\"async\" width=\"600\" height=\"370\" src=\"https:\/\/alakachuu.com\/wp-content\/uploads\/2018\/11\/MariaBrendle_600x370_sw.jpg\" class=\"vc_single_image-img attachment-full\" alt=\"\" srcset=\"https:\/\/alakachuu.com\/wp-content\/uploads\/2018\/11\/MariaBrendle_600x370_sw.jpg 600w, https:\/\/alakachuu.com\/wp-content\/uploads\/2018\/11\/MariaBrendle_600x370_sw-300x185.jpg 300w\" sizes=\"auto, (max-width: 600px) 100vw, 600px\" \/><\/div>\n\t\t<\/figure>\n\t<\/div>\n<div class=\"vc_empty_space\"   style=\"height: 70px\"><span class=\"vc_empty_space_inner\"><\/span><\/div><\/div><\/div><\/div><div class=\"wpb_column vc_column_container vc_col-sm-6\"><div class=\"vc_column-inner\"><div class=\"wpb_wrapper\"><div class=\"vc_separator wpb_content_element vc_separator_align_center vc_sep_width_20 vc_sep_border_width_2 vc_sep_pos_align_left vc_separator_no_text\" ><span class=\"vc_sep_holder vc_sep_holder_l\"><span  style=\"border-color:#9e8157;\" class=\"vc_sep_line\"><\/span><\/span><span class=\"vc_sep_holder vc_sep_holder_r\"><span  style=\"border-color:#9e8157;\" class=\"vc_sep_line\"><\/span><\/span>\n<\/div>\n\t<div class=\"wpb_text_column wpb_content_element\" >\n\t\t<div class=\"wpb_wrapper\">\n\t\t\t<p>Drehbuchautorin &amp; Regie<\/p>\n<h4><strong>Maria Brendle<\/strong><\/h4>\n<p class=\"p1\"><span class=\"s1\">Maria Brendle absolvierte 2013 den Bachelor of Arts in Film an der Z\u00fcrcher Hochschule der K\u00fcnste und 2020 den Master in cognitive neuroscience (aon) an der Academy of Neuroscience (K\u00f6ln). Maria ist Absolventin der 27. Drehbuchwerkstatt M\u00fcnchen. Sie lebt und arbeitet als Regisseurin und Drehbuchautorin in Z\u00fcrich. Ihre Filme feierten zahlreiche internatio\u00adnale Festivalerfolge und wurden mehrfach ausgezeichnet.\u00a0www.maria-brendle.de\u00a0<a href=\"http:\/\/www.maria-brendle.de\/\"><span class=\"s2\">www.maria-brendle.de<\/span><\/a><\/span><\/p>\n\n\t\t<\/div>\n\t<\/div>\n<div class=\"vc_empty_space\"   style=\"height: 70px\"><span class=\"vc_empty_space_inner\"><\/span><\/div><\/div><\/div><\/div><\/div><\/div><div class=\"vc_row wpb_row vc_row-fluid\"><div class=\"container\"><div class=\"wpb_column vc_column_container vc_col-sm-12\"><div class=\"vc_column-inner\"><div class=\"wpb_wrapper\"><div class=\"vc_separator wpb_content_element vc_separator_align_center vc_sep_width_100 vc_sep_border_width_2 vc_sep_pos_align_center vc_separator-has-text\" ><span class=\"vc_sep_holder vc_sep_holder_l\"><span  style=\"border-color:#9e8157;\" class=\"vc_sep_line\"><\/span><\/span><h4>CREDITS<\/h4><span class=\"vc_sep_holder vc_sep_holder_r\"><span  style=\"border-color:#9e8157;\" class=\"vc_sep_line\"><\/span><\/span>\n<\/div><div class=\"vc_empty_space\"   style=\"height: 32px\"><span class=\"vc_empty_space_inner\"><\/span><\/div><h6 style=\"text-align: center\" class=\"vc_custom_heading\">Cast<\/h6>\n\t<div class=\"wpb_text_column wpb_content_element\" >\n\t\t<div class=\"wpb_wrapper\">\n\t\t\t<p style=\"text-align: center;\">Sezim\u00a0 &#8211;\u00a0 Alina Turdumamatova<br \/>\nDayrbek\u00a0 &#8211;\u00a0 Nurbek Esengazy Uulu<br \/>\nAksana\u00a0 &#8211;\u00a0 Madina Talipbekova<br \/>\nSezim\u2019s Mother\u00a0 &#8211;\u00a0 Taalaykan Abazova<br \/>\nSezim\u2019s Father\u00a0 &#8211;\u00a0 Kanat Abdahmanov<br \/>\nSezim\u2019s Sister\u00a0 &#8211;\u00a0 Aybike Erkinbekova<br \/>\nGrandmother\u00a0 &#8211;\u00a0 Jandat Djamanbaeva<br \/>\nDayrbek\u2019s Mother\u00a0 &#8211;\u00a0 \u00a0Sheker Joomartova<br \/>\nDayrbek\u2019s Father\u00a0 &#8211;\u00a0 Ruslan Orozakunov<br \/>\nAunt\u00a0 &#8211;\u00a0 Jyldyz Mikieva<br \/>\nGoat\u00a0 &#8211;\u00a0 Karagat<\/p>\n\n\t\t<\/div>\n\t<\/div>\n<div class=\"vc_empty_space\"   style=\"height: 20px\"><span class=\"vc_empty_space_inner\"><\/span><\/div><h6 style=\"text-align: center\" class=\"vc_custom_heading\">Crew<\/h6>\n\t<div class=\"wpb_text_column wpb_content_element\" >\n\t\t<div class=\"wpb_wrapper\">\n\t\t\t<p style=\"text-align: center;\">Producer\u00a0 &#8211;\u00a0 Nadine L\u00fcchinger, Flavio Gerber<br \/>\nCo-Producer\u00a0\u00a0\u00a0&#8211;\u00a0 Martin Skalsky, Buzzinho Codestar Productions GmbH<\/p>\n<p style=\"text-align: center;\">Director of Photography\u00a0 &#8211;\u00a0 Gabriel Sandru<br \/>\nGaffer\u00a0 &#8211;\u00a0 Silvia \u201cFafa\u201d Fierz<br \/>\nSound Recordist\u00a0 &#8211;\u00a0 Ivo Schl\u00e4pfer<br \/>\n1st Assistant Director\u00a0 &#8211; Cosima Frei<br \/>\nProduction Coordinator\u00a0 &#8211;\u00a0 Nadine Boller<br \/>\nMake-Up\u00a0 &#8211;\u00a0 Cholpon Saitova<br \/>\nCostume\u00a0 &#8211;\u00a0 Fatima Kacyvova<br \/>\nProduction Design\u00a0 &#8211;\u00a0 Elchibek Shamenov<\/p>\n<p style=\"text-align: center;\">Edit\u00a0 &#8211;\u00a0 Luca Zuberb\u00fchler<br \/>\nMusic Composer\u00a0 &#8211;\u00a0 Martin Skalsky<br \/>\nSound-Design\u00a0 &#8211;\u00a0 Michael Duss, Triplet Studios<br \/>\nColour-Grading\u00a0 &#8211;\u00a0 J\u00fcrgen Kupka, Unsere Farben<\/p>\n\n\t\t<\/div>\n\t<\/div>\n<div class=\"vc_empty_space\"   style=\"height: 20px\"><span class=\"vc_empty_space_inner\"><\/span><\/div><div class=\"vc_separator wpb_content_element vc_separator_align_center vc_sep_width_100 vc_sep_pos_align_center vc_sep_color_grey vc_separator-has-text\" ><span class=\"vc_sep_holder vc_sep_holder_l\"><span  class=\"vc_sep_line\"><\/span><\/span><h4>Supporting Crew<\/h4><span class=\"vc_sep_holder vc_sep_holder_r\"><span  class=\"vc_sep_line\"><\/span><\/span>\n<\/div>\n\t<div class=\"wpb_text_column wpb_content_element\" >\n\t\t<div class=\"wpb_wrapper\">\n\t\t\t<p style=\"text-align: center;\">Unit Manager\u00a0 &#8211;\u00a0 Cholponai Borubaeva<br \/>\nPost Production Coordinator\u00a0 &#8211;\u00a0 Mirjana De Rosa<br \/>\nProduction Assistants\u00a0 &#8211;\u00a0 Fanny Nussbaumer<\/p>\n<p style=\"text-align: center;\">2nd Assistant Director\u00a0 &#8211;\u00a0 Ilir Hasanaj<br \/>\nScript Supervisor\u00a0 &#8211;\u00a0 Chinara Suimenalieva<\/p>\n<p style=\"text-align: center;\">Casting\u00a0 &#8211;\u00a0 Maria Brendle<br \/>\nCasting Assistant\u00a0 &#8211;\u00a0 Cosima Frei<br \/>\nCasting\u00a0 Coordinator\u00a0 &#8211;\u00a0 Cholponai Borubaeva<\/p>\n<p style=\"text-align: center;\">1st AC\u00a0 &#8211;\u00a0 Delia Schiltknecht<br \/>\nDIT\u00a0 &#8211;\u00a0 M\u00fcge Alper<\/p>\n<p style=\"text-align: center;\">Sparks\u00a0 &#8211;\u00a0 Joldosh Akmataliev, Tariel Talantbek, Berksultan \u2028Joldoshbekov<\/p>\n<p style=\"text-align: center;\">Set Decorator\u00a0 &#8211;\u00a0 Joomart Tuigunov<\/p>\n<p style=\"text-align: center;\">Crowdfunding Campaign\u00a0 &#8211;\u00a0 Livia Gerber<\/p>\n<p style=\"text-align: center;\">Making-Of &amp; Runner\u00a0 &#8211;\u00a0 Timur Kalybekovich<br \/>\nMaking-Of Editor\u00a0 &#8211;\u00a0 Urs Westermann<\/p>\n<p style=\"text-align: center;\">Drivers\u00a0 &#8211;\u00a0 Aibek Baibosov, Bahtiar Usuvaliev, Azamat Kenesbekovih Makeshov, Kanat Abdrahmanov<\/p>\n<p style=\"text-align: center;\">Script Translator\u00a0 &#8211;\u00a0 Aisuluu Mukai Kyzy, Mahabat Sadyrbek<br \/>\nTranslator at Rehearsals\u00a0 &#8211;\u00a0 Aimeerim Tursalieva<br \/>\nOn-Set Translator\u00a0 &#8211;\u00a0 Cholpon Demuth<\/p>\n\n\t\t<\/div>\n\t<\/div>\n<div class=\"vc_empty_space\"   style=\"height: 32px\"><span class=\"vc_empty_space_inner\"><\/span><\/div><\/div><\/div><\/div><\/div><\/div>","protected":false},"excerpt":{"rendered":"Author &amp; director Maria Brendle Maria Brendle is an award-winning director and scriptwriter based in Zurich, Switzerland. She received her bachelor\u2019s degree in film from the Zurich University of the Arts and her master\u2019s degree in cognitive neuroscience (aon) from the Academy of Neurosciense Cologne. Maria graduated the renowned Drehbuchwerkstatt Munich. She works with a... <div class=\"read-more\"><a href=\"https:\/\/alakachuu.com\/de\/team\/\" class=\"read-more-link\">Continue<\/a><span class=\"ion-ios-arrow-thin-right read-more-icon\"><\/span><\/div>","protected":false},"author":1,"featured_media":0,"parent":0,"menu_order":0,"comment_status":"closed","ping_status":"closed","template":"","meta":{"give_campaign_id":0,"_monsterinsights_skip_tracking":false,"_monsterinsights_sitenote_active":false,"_monsterinsights_sitenote_note":"","_monsterinsights_sitenote_category":0,"footnotes":""},"class_list":["post-14","page","type-page","status-publish","hentry"],"campaignId":"","_links":{"self":[{"href":"https:\/\/alakachuu.com\/de\/wp-json\/wp\/v2\/pages\/14","targetHints":{"allow":["GET"]}}],"collection":[{"href":"https:\/\/alakachuu.com\/de\/wp-json\/wp\/v2\/pages"}],"about":[{"href":"https:\/\/alakachuu.com\/de\/wp-json\/wp\/v2\/types\/page"}],"author":[{"embeddable":true,"href":"https:\/\/alakachuu.com\/de\/wp-json\/wp\/v2\/users\/1"}],"replies":[{"embeddable":true,"href":"https:\/\/alakachuu.com\/de\/wp-json\/wp\/v2\/comments?post=14"}],"version-history":[{"count":147,"href":"https:\/\/alakachuu.com\/de\/wp-json\/wp\/v2\/pages\/14\/revisions"}],"predecessor-version":[{"id":1962,"href":"https:\/\/alakachuu.com\/de\/wp-json\/wp\/v2\/pages\/14\/revisions\/1962"}],"wp:attachment":[{"href":"https:\/\/alakachuu.com\/de\/wp-json\/wp\/v2\/media?parent=14"}],"curies":[{"name":"wp","href":"https:\/\/api.w.org\/{rel}","templated":true}]}}